{"id":344,"date":"2008-10-12T22:46:56","date_gmt":"2008-10-12T20:46:56","guid":{"rendered":"http:\/\/www.rv-avenwedde.de\/?page_id=344"},"modified":"2026-02-16T19:03:19","modified_gmt":"2026-02-16T17:03:19","slug":"volti","status":"publish","type":"page","link":"https:\/\/rv-avenwedde.de\/?page_id=344","title":{"rendered":"Volti"},"content":{"rendered":"<h3 style=\"text-align: center;\">\u00a0<img loading=\"lazy\" decoding=\"async\" class=\"alignnone size-medium wp-image-4721\" src=\"http:\/\/www.rv-avenwedde.de\/wp-content\/uploads\/2008\/10\/voltilogo-1-300x112.jpg\" alt=\"voltilogo\" width=\"300\" height=\"112\" \/><\/h3>\n<h3 style=\"text-align: center;\"><span style=\"color: #003300;\"><a href=\"https:\/\/rv-avenwedde.de\/?attachment_id=7723\" rel=\"attachment wp-att-7723\"><img loading=\"lazy\" decoding=\"async\" class=\"alignnone size-medium wp-image-7723\" src=\"https:\/\/rv-avenwedde.de\/wp-content\/uploads\/2024\/07\/IMG-20240609-WA0021-225x300.jpg\" alt=\"\" width=\"225\" height=\"300\" srcset=\"https:\/\/rv-avenwedde.de\/wp-content\/uploads\/2024\/07\/IMG-20240609-WA0021-225x300.jpg 225w, https:\/\/rv-avenwedde.de\/wp-content\/uploads\/2024\/07\/IMG-20240609-WA0021-768x1024.jpg 768w, https:\/\/rv-avenwedde.de\/wp-content\/uploads\/2024\/07\/IMG-20240609-WA0021-1152x1536.jpg 1152w, https:\/\/rv-avenwedde.de\/wp-content\/uploads\/2024\/07\/IMG-20240609-WA0021-1536x2048.jpg 1536w, https:\/\/rv-avenwedde.de\/wp-content\/uploads\/2024\/07\/IMG-20240609-WA0021-1000x1333.jpg 1000w, https:\/\/rv-avenwedde.de\/wp-content\/uploads\/2024\/07\/IMG-20240609-WA0021-230x307.jpg 230w, https:\/\/rv-avenwedde.de\/wp-content\/uploads\/2024\/07\/IMG-20240609-WA0021-350x467.jpg 350w, https:\/\/rv-avenwedde.de\/wp-content\/uploads\/2024\/07\/IMG-20240609-WA0021-480x640.jpg 480w, https:\/\/rv-avenwedde.de\/wp-content\/uploads\/2024\/07\/IMG-20240609-WA0021-scaled.jpg 1920w\" sizes=\"auto, (max-width: 225px) 100vw, 225px\" \/><\/a>\u00a0<\/span><\/h3>\n<p>Wir haben in Avenwedde aktuell 3 Turniermannschaften und 1 Spielegruppe. Die Mannschaften trainieren auf unseren beiden Voltipferden Calle und Isa.<\/p>\n<p><strong>Avenwedde 1<\/strong><\/p>\n<p><a href=\"https:\/\/rv-avenwedde.de\/?attachment_id=7724\" rel=\"attachment wp-att-7724\"><img loading=\"lazy\" decoding=\"async\" class=\"alignnone size-medium wp-image-7724\" src=\"https:\/\/rv-avenwedde.de\/wp-content\/uploads\/2024\/07\/IMG-20230626-WA0016-300x200.jpg\" alt=\"\" width=\"300\" height=\"200\" srcset=\"https:\/\/rv-avenwedde.de\/wp-content\/uploads\/2024\/07\/IMG-20230626-WA0016-300x200.jpg 300w, https:\/\/rv-avenwedde.de\/wp-content\/uploads\/2024\/07\/IMG-20230626-WA0016-768x512.jpg 768w, https:\/\/rv-avenwedde.de\/wp-content\/uploads\/2024\/07\/IMG-20230626-WA0016-1000x667.jpg 1000w, https:\/\/rv-avenwedde.de\/wp-content\/uploads\/2024\/07\/IMG-20230626-WA0016-230x153.jpg 230w, https:\/\/rv-avenwedde.de\/wp-content\/uploads\/2024\/07\/IMG-20230626-WA0016-350x233.jpg 350w, https:\/\/rv-avenwedde.de\/wp-content\/uploads\/2024\/07\/IMG-20230626-WA0016-480x320.jpg 480w, https:\/\/rv-avenwedde.de\/wp-content\/uploads\/2024\/07\/IMG-20230626-WA0016.jpg 1024w\" sizes=\"auto, (max-width: 300px) 100vw, 300px\" \/><\/a><a href=\"https:\/\/rv-avenwedde.de\/?attachment_id=7725\" rel=\"attachment wp-att-7725\"><img loading=\"lazy\" decoding=\"async\" class=\"alignnone size-medium wp-image-7725\" src=\"https:\/\/rv-avenwedde.de\/wp-content\/uploads\/2024\/07\/IMG-20240616-WA0136-300x200.jpg\" alt=\"\" width=\"300\" height=\"200\" srcset=\"https:\/\/rv-avenwedde.de\/wp-content\/uploads\/2024\/07\/IMG-20240616-WA0136-300x200.jpg 300w, https:\/\/rv-avenwedde.de\/wp-content\/uploads\/2024\/07\/IMG-20240616-WA0136-1024x683.jpg 1024w, https:\/\/rv-avenwedde.de\/wp-content\/uploads\/2024\/07\/IMG-20240616-WA0136-768x512.jpg 768w, https:\/\/rv-avenwedde.de\/wp-content\/uploads\/2024\/07\/IMG-20240616-WA0136-1536x1024.jpg 1536w, https:\/\/rv-avenwedde.de\/wp-content\/uploads\/2024\/07\/IMG-20240616-WA0136-2048x1365.jpg 2048w, https:\/\/rv-avenwedde.de\/wp-content\/uploads\/2024\/07\/IMG-20240616-WA0136-1000x667.jpg 1000w, https:\/\/rv-avenwedde.de\/wp-content\/uploads\/2024\/07\/IMG-20240616-WA0136-230x153.jpg 230w, https:\/\/rv-avenwedde.de\/wp-content\/uploads\/2024\/07\/IMG-20240616-WA0136-350x233.jpg 350w, https:\/\/rv-avenwedde.de\/wp-content\/uploads\/2024\/07\/IMG-20240616-WA0136-480x320.jpg 480w\" sizes=\"auto, (max-width: 300px) 100vw, 300px\" \/><\/a><\/p>\n<p>Trainer: Uschi Brentrup &amp; Lena Homann<\/p>\n<p>Pferd: Calle Cool<\/p>\n<p>Training: Dienstag &amp; Freitag<\/p>\n<p>Leistungsklasse: L<\/p>\n<p>&nbsp;<\/p>\n<p><strong>Avenwedde 2<\/strong><\/p>\n<p><a href=\"https:\/\/rv-avenwedde.de\/?attachment_id=7728\" rel=\"attachment wp-att-7728\"><img loading=\"lazy\" decoding=\"async\" class=\"alignnone wp-image-7728 size-medium\" src=\"https:\/\/rv-avenwedde.de\/wp-content\/uploads\/2024\/07\/IMG-20240616-WA0024-e1771261336612-300x245.jpg\" alt=\"\" width=\"300\" height=\"245\" srcset=\"https:\/\/rv-avenwedde.de\/wp-content\/uploads\/2024\/07\/IMG-20240616-WA0024-e1771261336612-300x245.jpg 300w, https:\/\/rv-avenwedde.de\/wp-content\/uploads\/2024\/07\/IMG-20240616-WA0024-e1771261336612-1024x836.jpg 1024w, https:\/\/rv-avenwedde.de\/wp-content\/uploads\/2024\/07\/IMG-20240616-WA0024-e1771261336612-768x627.jpg 768w, https:\/\/rv-avenwedde.de\/wp-content\/uploads\/2024\/07\/IMG-20240616-WA0024-e1771261336612-1000x817.jpg 1000w, https:\/\/rv-avenwedde.de\/wp-content\/uploads\/2024\/07\/IMG-20240616-WA0024-e1771261336612-230x188.jpg 230w, https:\/\/rv-avenwedde.de\/wp-content\/uploads\/2024\/07\/IMG-20240616-WA0024-e1771261336612-350x286.jpg 350w, https:\/\/rv-avenwedde.de\/wp-content\/uploads\/2024\/07\/IMG-20240616-WA0024-e1771261336612-480x392.jpg 480w, https:\/\/rv-avenwedde.de\/wp-content\/uploads\/2024\/07\/IMG-20240616-WA0024-e1771261336612.jpg 1200w\" sizes=\"auto, (max-width: 300px) 100vw, 300px\" \/><\/a><a href=\"https:\/\/rv-avenwedde.de\/?attachment_id=7729\" rel=\"attachment wp-att-7729\"><img loading=\"lazy\" decoding=\"async\" class=\"alignnone size-medium wp-image-7729\" src=\"https:\/\/rv-avenwedde.de\/wp-content\/uploads\/2024\/07\/IMG-20240616-WA0021-300x225.jpg\" alt=\"\" width=\"300\" height=\"225\" srcset=\"https:\/\/rv-avenwedde.de\/wp-content\/uploads\/2024\/07\/IMG-20240616-WA0021-300x225.jpg 300w, https:\/\/rv-avenwedde.de\/wp-content\/uploads\/2024\/07\/IMG-20240616-WA0021-1024x768.jpg 1024w, https:\/\/rv-avenwedde.de\/wp-content\/uploads\/2024\/07\/IMG-20240616-WA0021-768x576.jpg 768w, https:\/\/rv-avenwedde.de\/wp-content\/uploads\/2024\/07\/IMG-20240616-WA0021-1536x1152.jpg 1536w, https:\/\/rv-avenwedde.de\/wp-content\/uploads\/2024\/07\/IMG-20240616-WA0021-1000x750.jpg 1000w, https:\/\/rv-avenwedde.de\/wp-content\/uploads\/2024\/07\/IMG-20240616-WA0021-230x173.jpg 230w, https:\/\/rv-avenwedde.de\/wp-content\/uploads\/2024\/07\/IMG-20240616-WA0021-350x263.jpg 350w, https:\/\/rv-avenwedde.de\/wp-content\/uploads\/2024\/07\/IMG-20240616-WA0021-480x360.jpg 480w, https:\/\/rv-avenwedde.de\/wp-content\/uploads\/2024\/07\/IMG-20240616-WA0021.jpg 1600w\" sizes=\"auto, (max-width: 300px) 100vw, 300px\" \/><\/a><\/p>\n<p>Trainer: Anna Brentrup, Lena Homann &amp; Marie Bathe<\/p>\n<p>Pferd: Calle Cool<\/p>\n<p>Training: Samstag<\/p>\n<p>Leistungsklasse: Galopp- Schritt<\/p>\n<p>&nbsp;<\/p>\n<p><strong> Avenwedde 3<\/strong><\/p>\n<p><a href=\"https:\/\/rv-avenwedde.de\/?attachment_id=7903\" rel=\"attachment wp-att-7903\"><img loading=\"lazy\" decoding=\"async\" class=\"alignnone size-medium wp-image-7903\" src=\"https:\/\/rv-avenwedde.de\/wp-content\/uploads\/2026\/02\/WhatsApp-Image-2026-02-16-at-10.07.31-300x200.jpeg\" alt=\"\" width=\"300\" height=\"200\" srcset=\"https:\/\/rv-avenwedde.de\/wp-content\/uploads\/2026\/02\/WhatsApp-Image-2026-02-16-at-10.07.31-300x200.jpeg 300w, https:\/\/rv-avenwedde.de\/wp-content\/uploads\/2026\/02\/WhatsApp-Image-2026-02-16-at-10.07.31-1024x682.jpeg 1024w, https:\/\/rv-avenwedde.de\/wp-content\/uploads\/2026\/02\/WhatsApp-Image-2026-02-16-at-10.07.31-768x512.jpeg 768w, https:\/\/rv-avenwedde.de\/wp-content\/uploads\/2026\/02\/WhatsApp-Image-2026-02-16-at-10.07.31-1536x1023.jpeg 1536w, https:\/\/rv-avenwedde.de\/wp-content\/uploads\/2026\/02\/WhatsApp-Image-2026-02-16-at-10.07.31-1000x666.jpeg 1000w, https:\/\/rv-avenwedde.de\/wp-content\/uploads\/2026\/02\/WhatsApp-Image-2026-02-16-at-10.07.31-230x153.jpeg 230w, https:\/\/rv-avenwedde.de\/wp-content\/uploads\/2026\/02\/WhatsApp-Image-2026-02-16-at-10.07.31-350x233.jpeg 350w, https:\/\/rv-avenwedde.de\/wp-content\/uploads\/2026\/02\/WhatsApp-Image-2026-02-16-at-10.07.31-480x320.jpeg 480w, https:\/\/rv-avenwedde.de\/wp-content\/uploads\/2026\/02\/WhatsApp-Image-2026-02-16-at-10.07.31.jpeg 1600w\" sizes=\"auto, (max-width: 300px) 100vw, 300px\" \/><\/a><a href=\"https:\/\/rv-avenwedde.de\/?attachment_id=7902\" rel=\"attachment wp-att-7902\"><img loading=\"lazy\" decoding=\"async\" class=\"alignnone wp-image-7902 size-medium\" src=\"https:\/\/rv-avenwedde.de\/wp-content\/uploads\/2026\/02\/WhatsApp-Image-2026-02-16-at-10.07.31-2-e1771261197812-300x243.jpeg\" alt=\"\" width=\"300\" height=\"243\" srcset=\"https:\/\/rv-avenwedde.de\/wp-content\/uploads\/2026\/02\/WhatsApp-Image-2026-02-16-at-10.07.31-2-e1771261197812-300x243.jpeg 300w, https:\/\/rv-avenwedde.de\/wp-content\/uploads\/2026\/02\/WhatsApp-Image-2026-02-16-at-10.07.31-2-e1771261197812-1024x828.jpeg 1024w, https:\/\/rv-avenwedde.de\/wp-content\/uploads\/2026\/02\/WhatsApp-Image-2026-02-16-at-10.07.31-2-e1771261197812-768x621.jpeg 768w, https:\/\/rv-avenwedde.de\/wp-content\/uploads\/2026\/02\/WhatsApp-Image-2026-02-16-at-10.07.31-2-e1771261197812-1000x808.jpeg 1000w, https:\/\/rv-avenwedde.de\/wp-content\/uploads\/2026\/02\/WhatsApp-Image-2026-02-16-at-10.07.31-2-e1771261197812-230x186.jpeg 230w, https:\/\/rv-avenwedde.de\/wp-content\/uploads\/2026\/02\/WhatsApp-Image-2026-02-16-at-10.07.31-2-e1771261197812-350x283.jpeg 350w, https:\/\/rv-avenwedde.de\/wp-content\/uploads\/2026\/02\/WhatsApp-Image-2026-02-16-at-10.07.31-2-e1771261197812-480x388.jpeg 480w, https:\/\/rv-avenwedde.de\/wp-content\/uploads\/2026\/02\/WhatsApp-Image-2026-02-16-at-10.07.31-2-e1771261197812.jpeg 1200w\" sizes=\"auto, (max-width: 300px) 100vw, 300px\" \/><\/a><\/p>\n<p>Trainer: Lena Homann, Marie Bathe, Frida Graute<\/p>\n<p>Pferd: Izana<\/p>\n<p>Training: Samstag<\/p>\n<p>Leistungsklasse: Schritt- Schritt<\/p>\n<p>&nbsp;<\/p>\n<p><strong>Spielegruppe<\/strong><\/p>\n<p><a href=\"https:\/\/rv-avenwedde.de\/?attachment_id=7904\" rel=\"attachment wp-att-7904\"><img loading=\"lazy\" decoding=\"async\" class=\"alignnone wp-image-7904 size-medium\" src=\"https:\/\/rv-avenwedde.de\/wp-content\/uploads\/2026\/02\/WhatsApp-Image-2026-02-16-at-10.08.52-e1771261377611-300x220.jpeg\" alt=\"\" width=\"300\" height=\"220\" srcset=\"https:\/\/rv-avenwedde.de\/wp-content\/uploads\/2026\/02\/WhatsApp-Image-2026-02-16-at-10.08.52-e1771261377611-300x220.jpeg 300w, https:\/\/rv-avenwedde.de\/wp-content\/uploads\/2026\/02\/WhatsApp-Image-2026-02-16-at-10.08.52-e1771261377611-1024x751.jpeg 1024w, https:\/\/rv-avenwedde.de\/wp-content\/uploads\/2026\/02\/WhatsApp-Image-2026-02-16-at-10.08.52-e1771261377611-768x563.jpeg 768w, https:\/\/rv-avenwedde.de\/wp-content\/uploads\/2026\/02\/WhatsApp-Image-2026-02-16-at-10.08.52-e1771261377611-1000x733.jpeg 1000w, https:\/\/rv-avenwedde.de\/wp-content\/uploads\/2026\/02\/WhatsApp-Image-2026-02-16-at-10.08.52-e1771261377611-230x169.jpeg 230w, https:\/\/rv-avenwedde.de\/wp-content\/uploads\/2026\/02\/WhatsApp-Image-2026-02-16-at-10.08.52-e1771261377611-350x257.jpeg 350w, https:\/\/rv-avenwedde.de\/wp-content\/uploads\/2026\/02\/WhatsApp-Image-2026-02-16-at-10.08.52-e1771261377611-480x352.jpeg 480w, https:\/\/rv-avenwedde.de\/wp-content\/uploads\/2026\/02\/WhatsApp-Image-2026-02-16-at-10.08.52-e1771261377611.jpeg 1200w\" sizes=\"auto, (max-width: 300px) 100vw, 300px\" \/><\/a><\/p>\n<p>Trainer: Johanna Tigges, Mariesa Kleinegreber, Frida Graute<\/p>\n<p>Pferd: Izana<\/p>\n<p>Training: Samstag<\/p>\n<p>&nbsp;<\/p>\n<p>Ansprechpartner Voltigieren (Info und Warteliste): <strong>Uschi Brentrup 05209 &#8211; 4005<\/strong> oder <strong>0176 &#8211; 22134295\u00a0<\/strong><\/p>\n<p><strong>Noch ein Hinweis f\u00fcr Volti- Einsteiger:<br \/>\n<\/strong>Ihr k\u00f6nnt 3 Mal zur Probe am Voltiunterricht teilnehmen. M\u00f6chtet ihr dann weitermachen, werden die Geb\u00fchren ab der ersten Probestunde berechnet. Zur ersten Probestunde ist die Anmeldung aus Versicherungsgr\u00fcnden auszuf\u00fcllen und beim \u00dcbungsleiter abzugeben.<\/p>\n<p><span style=\"color: #ff0000;\"><em><strong>Aktuell k\u00f6nnen wir leider keine neuen Voltigierer aufnehmen, da keine Pl\u00e4tze frei sind.<\/strong><\/em><\/span><\/p>\n<table class=\"wp-caption aligncenter\" style=\"width: 32.7738%; height: 47px;\" border=\"4\" align=\"center\">\n<tbody>\n<tr>\n<td style=\"width: 100%;\"><a href=\"http:\/\/www.rv-avenwedde.de\/?page_id=298\">Geb\u00fchren <\/a>und <a href=\"http:\/\/www.rv-avenwedde.de\/wp-content\/uploads\/2012\/04\/Aufnahme-Gebuehren.pdf\">Aufnahmeformular<\/a><\/td>\n<\/tr>\n<\/tbody>\n<\/table>\n","protected":false},"excerpt":{"rendered":"<p>\u00a0 \u00a0 Wir haben in Avenwedde aktuell 3 Turniermannschaften und 1 Spielegruppe. Die Mannschaften trainieren auf unseren beiden Voltipferden Calle und Isa. Avenwedde 1 Trainer: Uschi Brentrup &amp; Lena Homann Pferd: Calle Cool Training: Dienstag &amp; Freitag Leistungsklasse: L &nbsp; Avenwedde 2 Trainer: Anna Brentrup, Lena Homann &amp; Marie Bathe Pferd: Calle Cool Training: Samstag Leistungsklasse: Galopp- Schritt &nbsp; Avenwedde 3 Trainer: Lena Homann, Marie [&hellip;]<\/p>\n","protected":false},"author":9,"featured_media":0,"parent":0,"menu_order":5,"comment_status":"closed","ping_status":"closed","template":"","meta":{"footnotes":""},"class_list":["post-344","page","type-page","status-publish","hentry"],"_links":{"self":[{"href":"https:\/\/rv-avenwedde.de\/index.php?rest_route=\/wp\/v2\/pages\/344","targetHints":{"allow":["GET"]}}],"collection":[{"href":"https:\/\/rv-avenwedde.de\/index.php?rest_route=\/wp\/v2\/pages"}],"about":[{"href":"https:\/\/rv-avenwedde.de\/index.php?rest_route=\/wp\/v2\/types\/page"}],"author":[{"embeddable":true,"href":"https:\/\/rv-avenwedde.de\/index.php?rest_route=\/wp\/v2\/users\/9"}],"replies":[{"embeddable":true,"href":"https:\/\/rv-avenwedde.de\/index.php?rest_route=%2Fwp%2Fv2%2Fcomments&post=344"}],"version-history":[{"count":12,"href":"https:\/\/rv-avenwedde.de\/index.php?rest_route=\/wp\/v2\/pages\/344\/revisions"}],"predecessor-version":[{"id":7905,"href":"https:\/\/rv-avenwedde.de\/index.php?rest_route=\/wp\/v2\/pages\/344\/revisions\/7905"}],"wp:attachment":[{"href":"https:\/\/rv-avenwedde.de\/index.php?rest_route=%2Fwp%2Fv2%2Fmedia&parent=344"}],"curies":[{"name":"wp","href":"https:\/\/api.w.org\/{rel}","templated":true}]}}