{"id":298,"date":"2008-10-12T19:21:46","date_gmt":"2008-10-12T17:21:46","guid":{"rendered":"http:\/\/www.rv-avenwedde.de\/?page_id=298"},"modified":"2025-02-15T09:42:38","modified_gmt":"2025-02-15T07:42:38","slug":"infoservice","status":"publish","type":"page","link":"https:\/\/rv-avenwedde.de\/?page_id=298","title":{"rendered":"Info\/Service\/Formulare"},"content":{"rendered":"<h3 style=\"text-align: center;\"><span style=\"color: #003300;\">Info\/Service<\/span><\/h3>\n<p style=\"text-align: left;\"><span style=\"color: #333333;\"><strong>Mitgliedschaft\/ Turniersport<br \/>\n<\/strong><\/span><\/p>\n<p style=\"text-align: left;\"><span style=\"color: #333333;\"><strong><span style=\"color: #008000;\">&#8212;&#8212;&#8212;&#8212;&#8212;&#8212;&#8212;&#8212;&#8212;&#8212;&#8212;&#8212;&#8212;&#8212;&#8212;&#8212;&#8212;&#8212;&#8212;&#8212;&#8212;&#8212;&#8212;&#8212;&#8212;&#8212;&#8212;&#8212;&#8212;&#8212;&#8212;&#8212;&#8212;&#8211;<\/span><br \/>\n<\/strong><\/span><\/p>\n<p style=\"text-align: left;\"><strong><span style=\"color: #333333;\">Mitgliedschaft<\/span><\/strong><\/p>\n<p style=\"text-align: left;\">Hier gibt es alle wichtigen Mitgliedsunterlagen als PDF Dateien.<\/p>\n<ul>\n<li><a href=\"https:\/\/rv-avenwedde.de\/?attachment_id=7794\" rel=\"attachment wp-att-7794\">Beitrittserkl\u00e4rung<\/a><\/li>\n<li><a href=\"https:\/\/rv-avenwedde.de\/?attachment_id=7798\" rel=\"attachment wp-att-7798\">Info f\u00fcr Anlagennutzer<\/a><\/li>\n<li><a href=\"https:\/\/rv-avenwedde.de\/?attachment_id=7800\" rel=\"attachment wp-att-7800\">Reithallenordnung<\/a><\/li>\n<li><a title=\"Satzung\" href=\"http:\/\/www.rv-avenwedde.de\/wp-content\/uploads\/2008\/10\/satzung-rva-din4.pdf\" target=\"_blank\" rel=\"noopener\">Satzung<\/a><\/li>\n<li><a href=\"http:\/\/www.rv-avenwedde.de\/wp-content\/uploads\/2011\/10\/Arbeitsstunden.pdf\">Arbeitsstunden<\/a>\/<a href=\"http:\/\/www.rv-avenwedde.de\/wp-content\/uploads\/2011\/10\/arbeitsstd_nachweis.pdf\">Arbeitsstundennachweis<\/a><\/li>\n<li><a href=\"http:\/\/www.rv-avenwedde.de\/wp-content\/uploads\/2012\/12\/Abrechnung_Uebungsleiter.pdf\">Abrechnung \u00dcbungsleiter Formular<\/a><\/li>\n<\/ul>\n<p><strong>Boxen\u00a0<\/strong><\/p>\n<p>Aktuell haben wir bei uns leider keine Boxen frei. F\u00fcr weitere Infos k\u00f6nnen Sie sich gerne unter info@rv-avenwedde.de einholen.<\/p>\n<p><strong>Turniersport<\/strong><\/p>\n<p><span style=\"color: #333333;\">Turnierlizenz, H\u00f6herstufung, Formulare usw.<\/span><\/p>\n<ul>\n<li><a href=\"http:\/\/www.pferd-aktuell.de\/shop\/index.php\/cat\/c104#20160\" target=\"_top\" rel=\"noopener\">Downloadbereich der FN<\/a> <em> mit allen Antr\u00e4gen und Formularen f\u00fcr ReiterInnen und VoltigiererInnen<\/em><\/li>\n<li><a href=\"http:\/\/www.pferd-aktuell.de\/fn-service\/turnierstart\/jahresturnierlizenz-reiten-und-fahren\/jahresturnierlizenz-reiten-und-fahren\" target=\"_top\" rel=\"noopener\">FN Turniersportservice<\/a><\/li>\n<\/ul>\n<p>Noch ein Hinweis zur Startberechtigung auf Turnieren<\/p>\n<p>Der RV Avenwedde ist Mitglied in folgenden Verb\u00e4nden<\/p>\n<ul>\n<li>Kreisreiterverband G\u00fctersloh<\/li>\n<li>Arbeitsgemeinschaft Minden-Ravensberg-Lippe<\/li>\n<li>Provinzialverband westf. Reit- u. Fahrvereine<\/li>\n<\/ul>\n<p>&nbsp;<\/p>\n<div id=\"yui3-css-stamp\" style=\"position: absolute !important; visibility: hidden !important;\"><\/div>\n<div id=\"s2s\">\n<div id=\"s2s-flyout\" class=\"s2s-flyout-row dialog-box bottom\" style=\"left: 30px; top: 422px;\">\n<div id=\"hover-mask\"><a class=\"blr4 brr4\" title=\"Web Search\" target=\"_self\" rel=\"noopener\"><span id=\"Web Search\">\u00a0<\/span><\/a><\/div>\n<\/div>\n<\/div>\n","protected":false},"excerpt":{"rendered":"<p>Info\/Service Mitgliedschaft\/ Turniersport &#8212;&#8212;&#8212;&#8212;&#8212;&#8212;&#8212;&#8212;&#8212;&#8212;&#8212;&#8212;&#8212;&#8212;&#8212;&#8212;&#8212;&#8212;&#8212;&#8212;&#8212;&#8212;&#8212;&#8212;&#8212;&#8212;&#8212;&#8212;&#8212;&#8212;&#8212;&#8212;&#8212;&#8211; Mitgliedschaft Hier gibt es alle wichtigen Mitgliedsunterlagen als PDF Dateien. Beitrittserkl\u00e4rung Info f\u00fcr Anlagennutzer Reithallenordnung Satzung Arbeitsstunden\/Arbeitsstundennachweis Abrechnung \u00dcbungsleiter Formular Boxen\u00a0 Aktuell haben wir bei uns leider keine Boxen frei. F\u00fcr weitere Infos k\u00f6nnen Sie sich gerne unter info@rv-avenwedde.de einholen. Turniersport Turnierlizenz, H\u00f6herstufung, Formulare usw. Downloadbereich der FN mit allen Antr\u00e4gen und Formularen f\u00fcr ReiterInnen und VoltigiererInnen FN Turniersportservice Noch ein [&hellip;]<\/p>\n","protected":false},"author":9,"featured_media":0,"parent":0,"menu_order":9,"comment_status":"closed","ping_status":"closed","template":"","meta":{"footnotes":""},"class_list":["post-298","page","type-page","status-publish","hentry"],"_links":{"self":[{"href":"https:\/\/rv-avenwedde.de\/index.php?rest_route=\/wp\/v2\/pages\/298","targetHints":{"allow":["GET"]}}],"collection":[{"href":"https:\/\/rv-avenwedde.de\/index.php?rest_route=\/wp\/v2\/pages"}],"about":[{"href":"https:\/\/rv-avenwedde.de\/index.php?rest_route=\/wp\/v2\/types\/page"}],"author":[{"embeddable":true,"href":"https:\/\/rv-avenwedde.de\/index.php?rest_route=\/wp\/v2\/users\/9"}],"replies":[{"embeddable":true,"href":"https:\/\/rv-avenwedde.de\/index.php?rest_route=%2Fwp%2Fv2%2Fcomments&post=298"}],"version-history":[{"count":11,"href":"https:\/\/rv-avenwedde.de\/index.php?rest_route=\/wp\/v2\/pages\/298\/revisions"}],"predecessor-version":[{"id":7801,"href":"https:\/\/rv-avenwedde.de\/index.php?rest_route=\/wp\/v2\/pages\/298\/revisions\/7801"}],"wp:attachment":[{"href":"https:\/\/rv-avenwedde.de\/index.php?rest_route=%2Fwp%2Fv2%2Fmedia&parent=298"}],"curies":[{"name":"wp","href":"https:\/\/api.w.org\/{rel}","templated":true}]}}