{"id":282,"date":"2008-10-12T17:39:58","date_gmt":"2008-10-12T15:39:58","guid":{"rendered":"http:\/\/www.rv-avenwedde.de\/?page_id=282"},"modified":"2025-04-05T16:05:38","modified_gmt":"2025-04-05T14:05:38","slug":"der-verein","status":"publish","type":"page","link":"https:\/\/rv-avenwedde.de\/?page_id=282","title":{"rendered":"Der Verein"},"content":{"rendered":"<h3 style=\"text-align: center;\"><span style=\"color: #003300;\">Herzlich Willkommen in Avenwedde !<br \/>\n<\/span><\/h3>\n<p style=\"text-align: justify;\">Seit der Gr\u00fcndung im Jahre 1949 ist der Reit- und Fahrverein Avenwedde durch sportliche Erfolge und attraktive Sport- und Showveranstaltungen bis weit \u00fcber die Kreisgrenzen hinaus bekannt.<\/p>\n<p><a href=\"https:\/\/rv-avenwedde.de\/wp-content\/uploads\/2021\/06\/34485651_1733451023357137_58090338916499456_n.jpg\"><img loading=\"lazy\" decoding=\"async\" class=\"alignnone size-medium wp-image-6947\" src=\"https:\/\/rv-avenwedde.de\/wp-content\/uploads\/2021\/06\/34485651_1733451023357137_58090338916499456_n-300x225.jpg\" alt=\"\" width=\"300\" height=\"225\" srcset=\"https:\/\/rv-avenwedde.de\/wp-content\/uploads\/2021\/06\/34485651_1733451023357137_58090338916499456_n-300x225.jpg 300w, https:\/\/rv-avenwedde.de\/wp-content\/uploads\/2021\/06\/34485651_1733451023357137_58090338916499456_n-768x576.jpg 768w, https:\/\/rv-avenwedde.de\/wp-content\/uploads\/2021\/06\/34485651_1733451023357137_58090338916499456_n-830x623.jpg 830w, https:\/\/rv-avenwedde.de\/wp-content\/uploads\/2021\/06\/34485651_1733451023357137_58090338916499456_n-230x173.jpg 230w, https:\/\/rv-avenwedde.de\/wp-content\/uploads\/2021\/06\/34485651_1733451023357137_58090338916499456_n-350x263.jpg 350w, https:\/\/rv-avenwedde.de\/wp-content\/uploads\/2021\/06\/34485651_1733451023357137_58090338916499456_n-480x360.jpg 480w, https:\/\/rv-avenwedde.de\/wp-content\/uploads\/2021\/06\/34485651_1733451023357137_58090338916499456_n.jpg 960w\" sizes=\"auto, (max-width: 300px) 100vw, 300px\" \/><\/a><\/p>\n<p style=\"text-align: justify;\">Aktuell kann in 1 Reithalle (15 x 30 m) und auf unserem gro\u00dfen Allwetterplatz (40 x 70 m) mit &#8222;<a href=\"http:\/\/www.fair-ground.de\/\">fairground Reitboden<\/a>&#8220; trainiert werden. Dar\u00fcber hinaus verf\u00fcgt der Verein \u00fcber ein reichhaltiges Kontingent an Hindernismaterial. Sowohl f\u00fcr das Training als auch f\u00fcr Turniere steht eine Vielzahl an Spr\u00fcngen zur Verf\u00fcgung.<\/p>\n<p><a href=\"https:\/\/rv-avenwedde.de\/wp-content\/uploads\/2021\/06\/62174828_2295775940457973_2738281958915178496_n.jpg\"><img loading=\"lazy\" decoding=\"async\" class=\"alignnone size-medium wp-image-6948\" src=\"https:\/\/rv-avenwedde.de\/wp-content\/uploads\/2021\/06\/62174828_2295775940457973_2738281958915178496_n-300x200.jpg\" alt=\"\" width=\"300\" height=\"200\" srcset=\"https:\/\/rv-avenwedde.de\/wp-content\/uploads\/2021\/06\/62174828_2295775940457973_2738281958915178496_n-300x200.jpg 300w, https:\/\/rv-avenwedde.de\/wp-content\/uploads\/2021\/06\/62174828_2295775940457973_2738281958915178496_n-1024x682.jpg 1024w, https:\/\/rv-avenwedde.de\/wp-content\/uploads\/2021\/06\/62174828_2295775940457973_2738281958915178496_n-768x511.jpg 768w, https:\/\/rv-avenwedde.de\/wp-content\/uploads\/2021\/06\/62174828_2295775940457973_2738281958915178496_n-1536x1022.jpg 1536w, https:\/\/rv-avenwedde.de\/wp-content\/uploads\/2021\/06\/62174828_2295775940457973_2738281958915178496_n-830x552.jpg 830w, https:\/\/rv-avenwedde.de\/wp-content\/uploads\/2021\/06\/62174828_2295775940457973_2738281958915178496_n-230x153.jpg 230w, https:\/\/rv-avenwedde.de\/wp-content\/uploads\/2021\/06\/62174828_2295775940457973_2738281958915178496_n-350x233.jpg 350w, https:\/\/rv-avenwedde.de\/wp-content\/uploads\/2021\/06\/62174828_2295775940457973_2738281958915178496_n-480x319.jpg 480w, https:\/\/rv-avenwedde.de\/wp-content\/uploads\/2021\/06\/62174828_2295775940457973_2738281958915178496_n.jpg 2048w\" sizes=\"auto, (max-width: 300px) 100vw, 300px\" \/><\/a><\/p>\n<p style=\"text-align: justify;\">Im Vereins eigenen Stalltrakt haben die hellen, luftigen Boxen alle ein Au\u00dfenfenster, au\u00dferdem stehen Paddocks f\u00fcr den Weidegang zur Verf\u00fcgung.<\/p>\n<p>Reitunterricht bieten wir auf Schulponys und -pferden an. Dazu haben wir ein vielseitiges Angebot f\u00fcr Mitglieder mit eigenen Pferden. Springunterricht vom Einsteiger bis zur schweren Klasse, erg\u00e4nzt durch Parcoursspringen vom Januar bis M\u00e4rz , um auf die Turniersaison vorzubereiten. Ebenso Dressurstunden f\u00fcr den Freizeitreiter, aber auch f\u00fcr den ambitionierten Turnierreiter. Unser Schwerpunkt liegt bei der Ausbildung vor allem in der Jugendf\u00f6rderung. So findet regelm\u00e4\u00dfig ein Kurs zum Erwerb des Reitabzeichens und des Basispasses statt.<\/p>\n<p><a href=\"https:\/\/rv-avenwedde.de\/wp-content\/uploads\/2021\/06\/12806235_962439557124958_5984471753095289709_n.jpg\"><img loading=\"lazy\" decoding=\"async\" class=\"alignnone size-medium wp-image-6949\" src=\"https:\/\/rv-avenwedde.de\/wp-content\/uploads\/2021\/06\/12806235_962439557124958_5984471753095289709_n-300x133.jpg\" alt=\"\" width=\"300\" height=\"133\" srcset=\"https:\/\/rv-avenwedde.de\/wp-content\/uploads\/2021\/06\/12806235_962439557124958_5984471753095289709_n-300x133.jpg 300w, https:\/\/rv-avenwedde.de\/wp-content\/uploads\/2021\/06\/12806235_962439557124958_5984471753095289709_n-768x342.jpg 768w, https:\/\/rv-avenwedde.de\/wp-content\/uploads\/2021\/06\/12806235_962439557124958_5984471753095289709_n-830x369.jpg 830w, https:\/\/rv-avenwedde.de\/wp-content\/uploads\/2021\/06\/12806235_962439557124958_5984471753095289709_n-230x102.jpg 230w, https:\/\/rv-avenwedde.de\/wp-content\/uploads\/2021\/06\/12806235_962439557124958_5984471753095289709_n-350x156.jpg 350w, https:\/\/rv-avenwedde.de\/wp-content\/uploads\/2021\/06\/12806235_962439557124958_5984471753095289709_n-480x214.jpg 480w, https:\/\/rv-avenwedde.de\/wp-content\/uploads\/2021\/06\/12806235_962439557124958_5984471753095289709_n.jpg 960w\" sizes=\"auto, (max-width: 300px) 100vw, 300px\" \/><\/a><\/p>\n<p>Im Winter werden zus\u00e4tzlich in beiden Sparten Lehrg\u00e4nge bei renommierten Ausbildern angeboten.<\/p>\n<p><a href=\"https:\/\/rv-avenwedde.de\/wp-content\/uploads\/2021\/06\/gr_reithalle2.jpg\"><img loading=\"lazy\" decoding=\"async\" class=\"alignnone size-medium wp-image-6945\" src=\"https:\/\/rv-avenwedde.de\/wp-content\/uploads\/2021\/06\/gr_reithalle2-300x225.jpg\" alt=\"\" width=\"300\" height=\"225\" srcset=\"https:\/\/rv-avenwedde.de\/wp-content\/uploads\/2021\/06\/gr_reithalle2-300x225.jpg 300w, https:\/\/rv-avenwedde.de\/wp-content\/uploads\/2021\/06\/gr_reithalle2-1024x768.jpg 1024w, https:\/\/rv-avenwedde.de\/wp-content\/uploads\/2021\/06\/gr_reithalle2-768x576.jpg 768w, https:\/\/rv-avenwedde.de\/wp-content\/uploads\/2021\/06\/gr_reithalle2-830x623.jpg 830w, https:\/\/rv-avenwedde.de\/wp-content\/uploads\/2021\/06\/gr_reithalle2-230x173.jpg 230w, https:\/\/rv-avenwedde.de\/wp-content\/uploads\/2021\/06\/gr_reithalle2-350x263.jpg 350w, https:\/\/rv-avenwedde.de\/wp-content\/uploads\/2021\/06\/gr_reithalle2-480x360.jpg 480w, https:\/\/rv-avenwedde.de\/wp-content\/uploads\/2021\/06\/gr_reithalle2.jpg 1136w\" sizes=\"auto, (max-width: 300px) 100vw, 300px\" \/><\/a><\/p>\n<p style=\"text-align: justify;\">Traditionell gibt es in Avenwedde eine gro\u00dfe Voltigierabteilung. Von der Spielgruppe bis hin zum Leistungssport (z. B. Teilnahme an den westf\u00e4lischen Meisterschaften) wird hier in Avenwedde alles angeboten.<\/p>\n<p><a href=\"https:\/\/rv-avenwedde.de\/wp-content\/uploads\/2021\/06\/163792840_3821252444576974_1066747414393627084_n.jpg\"><img loading=\"lazy\" decoding=\"async\" class=\"alignnone size-medium wp-image-6950\" src=\"https:\/\/rv-avenwedde.de\/wp-content\/uploads\/2021\/06\/163792840_3821252444576974_1066747414393627084_n-300x169.jpg\" alt=\"\" width=\"300\" height=\"169\" srcset=\"https:\/\/rv-avenwedde.de\/wp-content\/uploads\/2021\/06\/163792840_3821252444576974_1066747414393627084_n-300x169.jpg 300w, https:\/\/rv-avenwedde.de\/wp-content\/uploads\/2021\/06\/163792840_3821252444576974_1066747414393627084_n-768x432.jpg 768w, https:\/\/rv-avenwedde.de\/wp-content\/uploads\/2021\/06\/163792840_3821252444576974_1066747414393627084_n-830x467.jpg 830w, https:\/\/rv-avenwedde.de\/wp-content\/uploads\/2021\/06\/163792840_3821252444576974_1066747414393627084_n-230x129.jpg 230w, https:\/\/rv-avenwedde.de\/wp-content\/uploads\/2021\/06\/163792840_3821252444576974_1066747414393627084_n-350x197.jpg 350w, https:\/\/rv-avenwedde.de\/wp-content\/uploads\/2021\/06\/163792840_3821252444576974_1066747414393627084_n-480x270.jpg 480w, https:\/\/rv-avenwedde.de\/wp-content\/uploads\/2021\/06\/163792840_3821252444576974_1066747414393627084_n.jpg 960w\" sizes=\"auto, (max-width: 300px) 100vw, 300px\" \/><\/a><\/p>\n<p><strong>Der aktuelle Vorstand:<\/strong><\/p>\n<ul>\n<li>1. Vorsitzender: <strong>Elke Brachtvogel<br \/>\n<\/strong><\/li>\n<li>2. Vorsitzender: <strong>Matthias Feldmann<\/strong><\/li>\n<li>Gesch\u00e4ftsf\u00fchrerin: <strong>Nadine Cyllok<\/strong><\/li>\n<li>stellv. Gesch\u00e4ftsf\u00fchrerin: <strong>Tiana Steinbrink<\/strong><\/li>\n<li>Kassenwart:\n<ul>\n<li><strong>Silke<\/strong> <strong>Fock<\/strong><\/li>\n<\/ul>\n<\/li>\n<li>\u00a0Hallenwart:\n<ul>\n<li><strong>Roland Sagem\u00fcller<\/strong><\/li>\n<li><strong>Patrick Diek\u00e4mper<\/strong><\/li>\n<li><strong>Daniel Fortkord<\/strong><\/li>\n<\/ul>\n<\/li>\n<li>Sportwartin:\n<ul>\n<li><strong>Wiebke Fock<\/strong><\/li>\n<li><strong>Lea Kleinebrummel<\/strong><\/li>\n<\/ul>\n<\/li>\n<li>Marketing\/ Sponsoring:\n<ul>\n<li><strong>Annette Grett<\/strong><\/li>\n<\/ul>\n<\/li>\n<li>Voltigierwartin:\n<ul>\n<li><b>Anna Brentrup<\/b><\/li>\n<\/ul>\n<\/li>\n<li>Pressewartin:\n<ul>\n<li><strong>Maria Neuhaus<\/strong><\/li>\n<li><strong>Laura Stephan<\/strong><\/li>\n<\/ul>\n<\/li>\n<\/ul>\n<p>Jugendvorstand<\/p>\n<ul>\n<li>1. Vorsitzende:\u00a0<strong>Laura Fortkord<\/strong><strong><br \/>\n<\/strong><\/li>\n<li>2. Vorsitzende: <strong>Pia Gieselmann<br \/>\n<\/strong><\/li>\n<li>Kassenwartin: <strong>Marsha Stevens<\/strong><strong><br \/>\n<\/strong><\/li>\n<li>Turniersprecherin<strong>: Jana Hagenl\u00fcke<br \/>\n<\/strong><\/li>\n<li>Voltisprecherin: <strong>Lina Hofknecht<br \/>\n<\/strong><\/li>\n<li>Schulpferdesprecherin: <strong>Jolina Fuchs<\/strong><\/li>\n<\/ul>\n","protected":false},"excerpt":{"rendered":"<p>Herzlich Willkommen in Avenwedde ! Seit der Gr\u00fcndung im Jahre 1949 ist der Reit- und Fahrverein Avenwedde durch sportliche Erfolge und attraktive Sport- und Showveranstaltungen bis weit \u00fcber die Kreisgrenzen hinaus bekannt. Aktuell kann in 1 Reithalle (15 x 30 m) und auf unserem gro\u00dfen Allwetterplatz (40 x 70 m) mit &#8222;fairground Reitboden&#8220; trainiert werden. Dar\u00fcber hinaus verf\u00fcgt der Verein \u00fcber ein reichhaltiges Kontingent an [&hellip;]<\/p>\n","protected":false},"author":9,"featured_media":0,"parent":0,"menu_order":3,"comment_status":"closed","ping_status":"closed","template":"","meta":{"footnotes":""},"class_list":["post-282","page","type-page","status-publish","hentry"],"_links":{"self":[{"href":"https:\/\/rv-avenwedde.de\/index.php?rest_route=\/wp\/v2\/pages\/282","targetHints":{"allow":["GET"]}}],"collection":[{"href":"https:\/\/rv-avenwedde.de\/index.php?rest_route=\/wp\/v2\/pages"}],"about":[{"href":"https:\/\/rv-avenwedde.de\/index.php?rest_route=\/wp\/v2\/types\/page"}],"author":[{"embeddable":true,"href":"https:\/\/rv-avenwedde.de\/index.php?rest_route=\/wp\/v2\/users\/9"}],"replies":[{"embeddable":true,"href":"https:\/\/rv-avenwedde.de\/index.php?rest_route=%2Fwp%2Fv2%2Fcomments&post=282"}],"version-history":[{"count":14,"href":"https:\/\/rv-avenwedde.de\/index.php?rest_route=\/wp\/v2\/pages\/282\/revisions"}],"predecessor-version":[{"id":7824,"href":"https:\/\/rv-avenwedde.de\/index.php?rest_route=\/wp\/v2\/pages\/282\/revisions\/7824"}],"wp:attachment":[{"href":"https:\/\/rv-avenwedde.de\/index.php?rest_route=%2Fwp%2Fv2%2Fmedia&parent=282"}],"curies":[{"name":"wp","href":"https:\/\/api.w.org\/{rel}","templated":true}]}}